{"id":8707,"date":"2025-09-23T07:51:13","date_gmt":"2025-09-23T07:51:13","guid":{"rendered":"https:\/\/federatiedilbeek.be\/?page_id=8707"},"modified":"2026-05-01T07:03:26","modified_gmt":"2026-05-01T07:03:26","slug":"taize","status":"publish","type":"page","link":"https:\/\/federatiedilbeek.be\/index.php\/taize\/","title":{"rendered":"Taiz\u00e9"},"content":{"rendered":"<p>De Taiz\u00e9 gemeenschap is een oecumenische christelijke kloostergemeenschap in Taiz\u00e9, Frankrijk. Ze werd in 1940 opgericht door broeder Roger en telt vandaag meer dan honderd broeders, katholieken en protestanten, anglicanen, orthodoxen van verschillende achtergronden, afkomstig uit bijna dertig landen, die ervoor gekozen hebben om samen een leven van gebed in eenvoud te leiden. De eenheid van de christelijke confessies en de opvang van jonge volwassenen behoren sinds de oprichting tot de verbintenissen van de gemeenschap. Op vele plaatsen in de wereld en ook in Belgi\u00eb komen maandelijks jonge en oudere mensen samen om te bidden, te zingen en stil te worden in de geest van Taiz\u00e9. Sinds 2009 is dat ook zo in Dilbeek.<\/p>\n<p>We ontmoeten elkaar telkens op een zaterdag om 20.00 u. in de H. Dominiek Saviokerk.<br \/>\nDit werkjaar is er een Taiz\u00e9 gebed op\u00a0 16 mei en 27 juni 2026.<\/p>\n<p>Laat je begeesteren en kom ook mee zingen, bidden en stil worden.<\/p>\n<p>&nbsp;<\/p>\n<p>&nbsp;<\/p>\n","protected":false},"excerpt":{"rendered":"<p>De Taiz\u00e9 gemeenschap is een oecumenische christelijke kloostergemeenschap in Taiz\u00e9, Frankrijk. Ze werd in 1940 opgericht door broeder Roger en telt vandaag meer dan honderd broeders, katholieken en protestanten, anglicanen, orthodoxen van verschillende achtergronden, afkomstig uit bijna dertig landen, die ervoor gekozen hebben om samen een leven van gebed in &hellip;<\/p>\n","protected":false},"author":1,"featured_media":0,"parent":0,"menu_order":0,"comment_status":"closed","ping_status":"closed","template":"","meta":{"footnotes":""},"class_list":["post-8707","page","type-page","status-publish","hentry"],"yoast_head":"<!-- This site is optimized with the Yoast SEO plugin v24.9 - https:\/\/yoast.com\/wordpress\/plugins\/seo\/ -->\n<title>Taiz\u00e9 - Zone Dilbeek<\/title>\n<meta name=\"robots\" content=\"index, follow, max-snippet:-1, max-image-preview:large, max-video-preview:-1\" \/>\n<link rel=\"canonical\" href=\"https:\/\/federatiedilbeek.be\/index.php\/taize\/\" \/>\n<meta property=\"og:locale\" content=\"nl_BE\" \/>\n<meta property=\"og:type\" content=\"article\" \/>\n<meta property=\"og:title\" content=\"Taiz\u00e9 - Zone Dilbeek\" \/>\n<meta property=\"og:description\" content=\"De Taiz\u00e9 gemeenschap is een oecumenische christelijke kloostergemeenschap in Taiz\u00e9, Frankrijk. Ze werd in 1940 opgericht door broeder Roger en telt vandaag meer dan honderd broeders, katholieken en protestanten, anglicanen, orthodoxen van verschillende achtergronden, afkomstig uit bijna dertig landen, die ervoor gekozen hebben om samen een leven van gebed in &hellip;\" \/>\n<meta property=\"og:url\" content=\"https:\/\/federatiedilbeek.be\/index.php\/taize\/\" \/>\n<meta property=\"og:site_name\" content=\"Zone Dilbeek\" \/>\n<meta property=\"article:modified_time\" content=\"2026-05-01T07:03:26+00:00\" \/>\n<meta name=\"twitter:card\" content=\"summary_large_image\" \/>\n<meta name=\"twitter:label1\" content=\"Geschatte leestijd\" \/>\n\t<meta name=\"twitter:data1\" content=\"1 minuut\" \/>\n<script type=\"application\/ld+json\" class=\"yoast-schema-graph\">{\"@context\":\"https:\/\/schema.org\",\"@graph\":[{\"@type\":\"WebPage\",\"@id\":\"https:\/\/federatiedilbeek.be\/index.php\/taize\/\",\"url\":\"https:\/\/federatiedilbeek.be\/index.php\/taize\/\",\"name\":\"Taiz\u00e9 - Zone Dilbeek\",\"isPartOf\":{\"@id\":\"https:\/\/federatiedilbeek.be\/#website\"},\"datePublished\":\"2025-09-23T07:51:13+00:00\",\"dateModified\":\"2026-05-01T07:03:26+00:00\",\"breadcrumb\":{\"@id\":\"https:\/\/federatiedilbeek.be\/index.php\/taize\/#breadcrumb\"},\"inLanguage\":\"nl-BE\",\"potentialAction\":[{\"@type\":\"ReadAction\",\"target\":[\"https:\/\/federatiedilbeek.be\/index.php\/taize\/\"]}]},{\"@type\":\"BreadcrumbList\",\"@id\":\"https:\/\/federatiedilbeek.be\/index.php\/taize\/#breadcrumb\",\"itemListElement\":[{\"@type\":\"ListItem\",\"position\":1,\"name\":\"Home\",\"item\":\"https:\/\/federatiedilbeek.be\/\"},{\"@type\":\"ListItem\",\"position\":2,\"name\":\"Taiz\u00e9\"}]},{\"@type\":\"WebSite\",\"@id\":\"https:\/\/federatiedilbeek.be\/#website\",\"url\":\"https:\/\/federatiedilbeek.be\/\",\"name\":\"Zone Dilbeek\",\"description\":\"\",\"potentialAction\":[{\"@type\":\"SearchAction\",\"target\":{\"@type\":\"EntryPoint\",\"urlTemplate\":\"https:\/\/federatiedilbeek.be\/?s={search_term_string}\"},\"query-input\":{\"@type\":\"PropertyValueSpecification\",\"valueRequired\":true,\"valueName\":\"search_term_string\"}}],\"inLanguage\":\"nl-BE\"}]}<\/script>\n<!-- \/ Yoast SEO plugin. -->","yoast_head_json":{"title":"Taiz\u00e9 - Zone Dilbeek","robots":{"index":"index","follow":"follow","max-snippet":"max-snippet:-1","max-image-preview":"max-image-preview:large","max-video-preview":"max-video-preview:-1"},"canonical":"https:\/\/federatiedilbeek.be\/index.php\/taize\/","og_locale":"nl_BE","og_type":"article","og_title":"Taiz\u00e9 - Zone Dilbeek","og_description":"De Taiz\u00e9 gemeenschap is een oecumenische christelijke kloostergemeenschap in Taiz\u00e9, Frankrijk. Ze werd in 1940 opgericht door broeder Roger en telt vandaag meer dan honderd broeders, katholieken en protestanten, anglicanen, orthodoxen van verschillende achtergronden, afkomstig uit bijna dertig landen, die ervoor gekozen hebben om samen een leven van gebed in &hellip;","og_url":"https:\/\/federatiedilbeek.be\/index.php\/taize\/","og_site_name":"Zone Dilbeek","article_modified_time":"2026-05-01T07:03:26+00:00","twitter_card":"summary_large_image","twitter_misc":{"Geschatte leestijd":"1 minuut"},"schema":{"@context":"https:\/\/schema.org","@graph":[{"@type":"WebPage","@id":"https:\/\/federatiedilbeek.be\/index.php\/taize\/","url":"https:\/\/federatiedilbeek.be\/index.php\/taize\/","name":"Taiz\u00e9 - Zone Dilbeek","isPartOf":{"@id":"https:\/\/federatiedilbeek.be\/#website"},"datePublished":"2025-09-23T07:51:13+00:00","dateModified":"2026-05-01T07:03:26+00:00","breadcrumb":{"@id":"https:\/\/federatiedilbeek.be\/index.php\/taize\/#breadcrumb"},"inLanguage":"nl-BE","potentialAction":[{"@type":"ReadAction","target":["https:\/\/federatiedilbeek.be\/index.php\/taize\/"]}]},{"@type":"BreadcrumbList","@id":"https:\/\/federatiedilbeek.be\/index.php\/taize\/#breadcrumb","itemListElement":[{"@type":"ListItem","position":1,"name":"Home","item":"https:\/\/federatiedilbeek.be\/"},{"@type":"ListItem","position":2,"name":"Taiz\u00e9"}]},{"@type":"WebSite","@id":"https:\/\/federatiedilbeek.be\/#website","url":"https:\/\/federatiedilbeek.be\/","name":"Zone Dilbeek","description":"","potentialAction":[{"@type":"SearchAction","target":{"@type":"EntryPoint","urlTemplate":"https:\/\/federatiedilbeek.be\/?s={search_term_string}"},"query-input":{"@type":"PropertyValueSpecification","valueRequired":true,"valueName":"search_term_string"}}],"inLanguage":"nl-BE"}]}},"_links":{"self":[{"href":"https:\/\/federatiedilbeek.be\/index.php\/wp-json\/wp\/v2\/pages\/8707","targetHints":{"allow":["GET"]}}],"collection":[{"href":"https:\/\/federatiedilbeek.be\/index.php\/wp-json\/wp\/v2\/pages"}],"about":[{"href":"https:\/\/federatiedilbeek.be\/index.php\/wp-json\/wp\/v2\/types\/page"}],"author":[{"embeddable":true,"href":"https:\/\/federatiedilbeek.be\/index.php\/wp-json\/wp\/v2\/users\/1"}],"replies":[{"embeddable":true,"href":"https:\/\/federatiedilbeek.be\/index.php\/wp-json\/wp\/v2\/comments?post=8707"}],"version-history":[{"count":10,"href":"https:\/\/federatiedilbeek.be\/index.php\/wp-json\/wp\/v2\/pages\/8707\/revisions"}],"predecessor-version":[{"id":10303,"href":"https:\/\/federatiedilbeek.be\/index.php\/wp-json\/wp\/v2\/pages\/8707\/revisions\/10303"}],"wp:attachment":[{"href":"https:\/\/federatiedilbeek.be\/index.php\/wp-json\/wp\/v2\/media?parent=8707"}],"curies":[{"name":"wp","href":"https:\/\/api.w.org\/{rel}","templated":true}]}}