{"id":8159,"date":"2025-05-19T06:50:54","date_gmt":"2025-05-19T06:50:54","guid":{"rendered":"https:\/\/federatiedilbeek.be\/?page_id=8159"},"modified":"2025-05-19T06:50:54","modified_gmt":"2025-05-19T06:50:54","slug":"vormsel-2025","status":"publish","type":"page","link":"https:\/\/federatiedilbeek.be\/index.php\/vormsel-2025\/","title":{"rendered":"vormsel 2025"},"content":{"rendered":"<p>In mei 2025 ontvingen acht jonge mensen het vormsel in de Sint-Ambrosiuskerk. Ze werden omringd door familie en vrienden, pater Jude, catechisten en PLUSbegeleiders. Vormheer Steven Wielandts kwam langs om hen dit bijzondere geschenk, de gave van Gods Geest, te geven. Hij had ook een boodschap voor hen, ge\u00efnspireerd door de lezingen uit de bijbel. Net als in het verhaal van de zalving van David (1 Samuel 16, 1-13) geschreven staat, mogen de vormelingen verwachten dat God hen \u2018in het hart kijkt\u2019. Hoe bijzonder is het, hoe intiem, dat God zo dicht bij elk van hen wil komen? Zo\u2019n ontmoeting is levensveranderend.<br \/>\nHet Pinksterverhaal (Handelingen 2, 1-13) vertelt over die verandering en beschrijft ze als een storm en vuur. Zo wenste de vormheer dat het dak en de glasramen van de Sint-Ambrosiuskerk eraf en eruit zouden worden geblazen. Want dat is wat Gods Geest doet: Hij begeestert en maakt vurig, overwint angst en maakt moedig om de weg te gaan.<br \/>\nOok de ouders werden door de vormheer aangesproken. \u2018De Heilige Geest wordt dikwijls verbeeld als een duif\u2019, zei hij. De volgende jaren zullen deze jonge mensen gaan puberen, uitvliegen en hun weg gaan. Zoals duiven zullen ze echter ook terug naar huis vliegen en \u2018vallen\u2019. De vormheer vroeg de ouders om een veilige thuis te zijn en te blijven.<br \/>\nNa deze woorden legde de vormheer hen \u00e9\u00e9n voor \u00e9\u00e9n de handen op en zalfde hen. De zalving gebeurt met olie en daar blonken hun voorhoofden van. Maar niet voor lang \u2026 de olie dringt helemaal in de huid. Dat zegel, die zalving, raken ze niet meer kwijt.<\/p>\n<p>Proficiat,<\/p>\n<p><img loading=\"lazy\" decoding=\"async\" class=\"aligncenter size-large wp-image-8160\" src=\"https:\/\/federatiedilbeek.be\/wp-content\/uploads\/2025\/05\/Vormsel-2025-768x1024.jpeg\" alt=\"\" width=\"768\" height=\"1024\" srcset=\"https:\/\/federatiedilbeek.be\/wp-content\/uploads\/2025\/05\/Vormsel-2025-768x1024.jpeg 768w, https:\/\/federatiedilbeek.be\/wp-content\/uploads\/2025\/05\/Vormsel-2025-225x300.jpeg 225w, https:\/\/federatiedilbeek.be\/wp-content\/uploads\/2025\/05\/Vormsel-2025-1152x1536.jpeg 1152w, https:\/\/federatiedilbeek.be\/wp-content\/uploads\/2025\/05\/Vormsel-2025-150x200.jpeg 150w, https:\/\/federatiedilbeek.be\/wp-content\/uploads\/2025\/05\/Vormsel-2025.jpeg 1536w\" sizes=\"auto, (max-width: 768px) 100vw, 768px\" \/><\/p>\n<p>&nbsp;<\/p>\n<p style=\"text-align: center;\">Sam Clement, Callista Coppens, Kimberly Debroek, Margot De Wilde,<br \/>\nGilles Gabri\u00ebls, Thijs Haezebrouck, Dimitri Loleke, Viktor Merckx.<\/p>\n<p>&nbsp;<\/p>\n<p>En dank je wel, ouders en grootouders, peters en meters, familie en vrienden van deze jongens en meisjes om hen te begeleiden en verder met hen op weg te gaan.<br \/>\nMarleen, catechiste<\/p>\n","protected":false},"excerpt":{"rendered":"<p>In mei 2025 ontvingen acht jonge mensen het vormsel in de Sint-Ambrosiuskerk. Ze werden omringd door familie en vrienden, pater Jude, catechisten en PLUSbegeleiders. Vormheer Steven Wielandts kwam langs om hen dit bijzondere geschenk, de gave van Gods Geest, te geven. Hij had ook een boodschap voor hen, ge\u00efnspireerd door &hellip;<\/p>\n","protected":false},"author":1,"featured_media":0,"parent":0,"menu_order":0,"comment_status":"closed","ping_status":"closed","template":"","meta":{"footnotes":""},"class_list":["post-8159","page","type-page","status-publish","hentry"],"yoast_head":"<!-- This site is optimized with the Yoast SEO plugin v24.9 - https:\/\/yoast.com\/wordpress\/plugins\/seo\/ -->\n<title>vormsel 2025 - Zone Dilbeek<\/title>\n<meta name=\"robots\" content=\"index, follow, max-snippet:-1, max-image-preview:large, max-video-preview:-1\" \/>\n<link rel=\"canonical\" href=\"https:\/\/federatiedilbeek.be\/index.php\/vormsel-2025\/\" \/>\n<meta property=\"og:locale\" content=\"nl_BE\" \/>\n<meta property=\"og:type\" content=\"article\" \/>\n<meta property=\"og:title\" content=\"vormsel 2025 - Zone Dilbeek\" \/>\n<meta property=\"og:description\" content=\"In mei 2025 ontvingen acht jonge mensen het vormsel in de Sint-Ambrosiuskerk. Ze werden omringd door familie en vrienden, pater Jude, catechisten en PLUSbegeleiders. Vormheer Steven Wielandts kwam langs om hen dit bijzondere geschenk, de gave van Gods Geest, te geven. Hij had ook een boodschap voor hen, ge\u00efnspireerd door &hellip;\" \/>\n<meta property=\"og:url\" content=\"https:\/\/federatiedilbeek.be\/index.php\/vormsel-2025\/\" \/>\n<meta property=\"og:site_name\" content=\"Zone Dilbeek\" \/>\n<meta property=\"og:image\" content=\"https:\/\/federatiedilbeek.be\/wp-content\/uploads\/2025\/05\/Vormsel-2025.jpeg\" \/>\n\t<meta property=\"og:image:width\" content=\"1536\" \/>\n\t<meta property=\"og:image:height\" content=\"2048\" \/>\n\t<meta property=\"og:image:type\" content=\"image\/jpeg\" \/>\n<meta name=\"twitter:card\" content=\"summary_large_image\" \/>\n<meta name=\"twitter:label1\" content=\"Geschatte leestijd\" \/>\n\t<meta name=\"twitter:data1\" content=\"2 minuten\" \/>\n<script type=\"application\/ld+json\" class=\"yoast-schema-graph\">{\"@context\":\"https:\/\/schema.org\",\"@graph\":[{\"@type\":\"WebPage\",\"@id\":\"https:\/\/federatiedilbeek.be\/index.php\/vormsel-2025\/\",\"url\":\"https:\/\/federatiedilbeek.be\/index.php\/vormsel-2025\/\",\"name\":\"vormsel 2025 - Zone Dilbeek\",\"isPartOf\":{\"@id\":\"https:\/\/federatiedilbeek.be\/#website\"},\"primaryImageOfPage\":{\"@id\":\"https:\/\/federatiedilbeek.be\/index.php\/vormsel-2025\/#primaryimage\"},\"image\":{\"@id\":\"https:\/\/federatiedilbeek.be\/index.php\/vormsel-2025\/#primaryimage\"},\"thumbnailUrl\":\"https:\/\/federatiedilbeek.be\/wp-content\/uploads\/2025\/05\/Vormsel-2025-768x1024.jpeg\",\"datePublished\":\"2025-05-19T06:50:54+00:00\",\"breadcrumb\":{\"@id\":\"https:\/\/federatiedilbeek.be\/index.php\/vormsel-2025\/#breadcrumb\"},\"inLanguage\":\"nl-BE\",\"potentialAction\":[{\"@type\":\"ReadAction\",\"target\":[\"https:\/\/federatiedilbeek.be\/index.php\/vormsel-2025\/\"]}]},{\"@type\":\"ImageObject\",\"inLanguage\":\"nl-BE\",\"@id\":\"https:\/\/federatiedilbeek.be\/index.php\/vormsel-2025\/#primaryimage\",\"url\":\"https:\/\/federatiedilbeek.be\/wp-content\/uploads\/2025\/05\/Vormsel-2025.jpeg\",\"contentUrl\":\"https:\/\/federatiedilbeek.be\/wp-content\/uploads\/2025\/05\/Vormsel-2025.jpeg\",\"width\":1536,\"height\":2048},{\"@type\":\"BreadcrumbList\",\"@id\":\"https:\/\/federatiedilbeek.be\/index.php\/vormsel-2025\/#breadcrumb\",\"itemListElement\":[{\"@type\":\"ListItem\",\"position\":1,\"name\":\"Home\",\"item\":\"https:\/\/federatiedilbeek.be\/\"},{\"@type\":\"ListItem\",\"position\":2,\"name\":\"vormsel 2025\"}]},{\"@type\":\"WebSite\",\"@id\":\"https:\/\/federatiedilbeek.be\/#website\",\"url\":\"https:\/\/federatiedilbeek.be\/\",\"name\":\"Zone Dilbeek\",\"description\":\"\",\"potentialAction\":[{\"@type\":\"SearchAction\",\"target\":{\"@type\":\"EntryPoint\",\"urlTemplate\":\"https:\/\/federatiedilbeek.be\/?s={search_term_string}\"},\"query-input\":{\"@type\":\"PropertyValueSpecification\",\"valueRequired\":true,\"valueName\":\"search_term_string\"}}],\"inLanguage\":\"nl-BE\"}]}<\/script>\n<!-- \/ Yoast SEO plugin. -->","yoast_head_json":{"title":"vormsel 2025 - Zone Dilbeek","robots":{"index":"index","follow":"follow","max-snippet":"max-snippet:-1","max-image-preview":"max-image-preview:large","max-video-preview":"max-video-preview:-1"},"canonical":"https:\/\/federatiedilbeek.be\/index.php\/vormsel-2025\/","og_locale":"nl_BE","og_type":"article","og_title":"vormsel 2025 - Zone Dilbeek","og_description":"In mei 2025 ontvingen acht jonge mensen het vormsel in de Sint-Ambrosiuskerk. Ze werden omringd door familie en vrienden, pater Jude, catechisten en PLUSbegeleiders. Vormheer Steven Wielandts kwam langs om hen dit bijzondere geschenk, de gave van Gods Geest, te geven. Hij had ook een boodschap voor hen, ge\u00efnspireerd door &hellip;","og_url":"https:\/\/federatiedilbeek.be\/index.php\/vormsel-2025\/","og_site_name":"Zone Dilbeek","og_image":[{"width":1536,"height":2048,"url":"https:\/\/federatiedilbeek.be\/wp-content\/uploads\/2025\/05\/Vormsel-2025.jpeg","type":"image\/jpeg"}],"twitter_card":"summary_large_image","twitter_misc":{"Geschatte leestijd":"2 minuten"},"schema":{"@context":"https:\/\/schema.org","@graph":[{"@type":"WebPage","@id":"https:\/\/federatiedilbeek.be\/index.php\/vormsel-2025\/","url":"https:\/\/federatiedilbeek.be\/index.php\/vormsel-2025\/","name":"vormsel 2025 - Zone Dilbeek","isPartOf":{"@id":"https:\/\/federatiedilbeek.be\/#website"},"primaryImageOfPage":{"@id":"https:\/\/federatiedilbeek.be\/index.php\/vormsel-2025\/#primaryimage"},"image":{"@id":"https:\/\/federatiedilbeek.be\/index.php\/vormsel-2025\/#primaryimage"},"thumbnailUrl":"https:\/\/federatiedilbeek.be\/wp-content\/uploads\/2025\/05\/Vormsel-2025-768x1024.jpeg","datePublished":"2025-05-19T06:50:54+00:00","breadcrumb":{"@id":"https:\/\/federatiedilbeek.be\/index.php\/vormsel-2025\/#breadcrumb"},"inLanguage":"nl-BE","potentialAction":[{"@type":"ReadAction","target":["https:\/\/federatiedilbeek.be\/index.php\/vormsel-2025\/"]}]},{"@type":"ImageObject","inLanguage":"nl-BE","@id":"https:\/\/federatiedilbeek.be\/index.php\/vormsel-2025\/#primaryimage","url":"https:\/\/federatiedilbeek.be\/wp-content\/uploads\/2025\/05\/Vormsel-2025.jpeg","contentUrl":"https:\/\/federatiedilbeek.be\/wp-content\/uploads\/2025\/05\/Vormsel-2025.jpeg","width":1536,"height":2048},{"@type":"BreadcrumbList","@id":"https:\/\/federatiedilbeek.be\/index.php\/vormsel-2025\/#breadcrumb","itemListElement":[{"@type":"ListItem","position":1,"name":"Home","item":"https:\/\/federatiedilbeek.be\/"},{"@type":"ListItem","position":2,"name":"vormsel 2025"}]},{"@type":"WebSite","@id":"https:\/\/federatiedilbeek.be\/#website","url":"https:\/\/federatiedilbeek.be\/","name":"Zone Dilbeek","description":"","potentialAction":[{"@type":"SearchAction","target":{"@type":"EntryPoint","urlTemplate":"https:\/\/federatiedilbeek.be\/?s={search_term_string}"},"query-input":{"@type":"PropertyValueSpecification","valueRequired":true,"valueName":"search_term_string"}}],"inLanguage":"nl-BE"}]}},"_links":{"self":[{"href":"https:\/\/federatiedilbeek.be\/index.php\/wp-json\/wp\/v2\/pages\/8159","targetHints":{"allow":["GET"]}}],"collection":[{"href":"https:\/\/federatiedilbeek.be\/index.php\/wp-json\/wp\/v2\/pages"}],"about":[{"href":"https:\/\/federatiedilbeek.be\/index.php\/wp-json\/wp\/v2\/types\/page"}],"author":[{"embeddable":true,"href":"https:\/\/federatiedilbeek.be\/index.php\/wp-json\/wp\/v2\/users\/1"}],"replies":[{"embeddable":true,"href":"https:\/\/federatiedilbeek.be\/index.php\/wp-json\/wp\/v2\/comments?post=8159"}],"version-history":[{"count":1,"href":"https:\/\/federatiedilbeek.be\/index.php\/wp-json\/wp\/v2\/pages\/8159\/revisions"}],"predecessor-version":[{"id":8161,"href":"https:\/\/federatiedilbeek.be\/index.php\/wp-json\/wp\/v2\/pages\/8159\/revisions\/8161"}],"wp:attachment":[{"href":"https:\/\/federatiedilbeek.be\/index.php\/wp-json\/wp\/v2\/media?parent=8159"}],"curies":[{"name":"wp","href":"https:\/\/api.w.org\/{rel}","templated":true}]}}