{"id":8115,"date":"2025-04-29T09:59:30","date_gmt":"2025-04-29T09:59:30","guid":{"rendered":"https:\/\/federatiedilbeek.be\/?page_id=8115"},"modified":"2025-05-01T14:14:02","modified_gmt":"2025-05-01T14:14:02","slug":"bloemschiksters","status":"publish","type":"page","link":"https:\/\/federatiedilbeek.be\/index.php\/bloemschiksters\/","title":{"rendered":"bloemschiksters"},"content":{"rendered":"<p><strong>Bidden met groene vingers: onze bloemendames<\/strong><\/p>\n<p>Op de markt, in de winkels, bij mensen thuis, in het veld, in de tuin \u2026 overal zie je bloemen in al hun pracht en al hun kleuren maar ook in de kerk op of bij het altaar, bij heiligen staan er.<br \/>\nDat oogt steeds mooi maar weten jullie ook dat dit een betekenis heeft?<br \/>\nZeg nooit zomaar \u2018bloemschikken\u2019 tegen kerkversiering want een stukje kan mooi staan op tafel thuis maar vergaat in het niet op een altaar: het moet groter en volumineuzer zijn.<br \/>\nOvervloed schaadt zegt men maar met feestdagen mag er wel iets extra zijn, neen?<\/p>\n<p>&nbsp;<\/p>\n<p>Een vraag die spontaan bij mij opkwam toen ik dit artikel begon te schrijven was: staat er eigenlijk iets geschreven over bloemen in de Bijbel? Ja, hoor enkele voorbeelden:<br \/>\n-Petrus 1, 24-25 \u201cDe mensen zijn net als gras. En hun schoonheid is net als een bloem in het veld. Het gras verdroogt en de bloem valt af. Maar het woord van de Heer blijft voor eeuwig.&#8221;<br \/>\n-Jes. 40, 7 \u201cAlle mensen zijn gras en hun trouw niets dan een veldbloem. Het gras verdort, de bloem verwelkt, maar het woord van onze God houdt in eeuwigheid stand.\u201d<br \/>\n-Lucas 12, 27: \u201cLet op hoe de wilde bloemen groeien. Ze werken niet en spinnen niet. En toch zeg ik u: zelfs Salomo was in al zijn pracht niet gekleed als een van deze.\u201d<\/p>\n<p>&nbsp;<\/p>\n<p>Elke week zorgen 4 dames voor al dit moois in de kerk: een frisse ruiker of een mooi bloemstuk.<br \/>\nJos\u00e9e, Hilda, Marie-Th\u00e9r\u00e8se en ikzelf staan daarvoor in maar hoe is het voor hen begonnen?<br \/>\nIn de kerk van Itterbeek zorgde zuster Theodora voor een bloemetje maar toen ze ouder werd verwaarloosde ze die taak al eens. Toen begon Jos\u00e9e bloemen uit de tuin mee te brengen en ze doet dit nog steeds elke week.<br \/>\nIn Sint-Gertrudis-Pede zorgde Liliane jarenlang voor de bloemen en ik wil haar langs deze weg ook bedanken voor al die prachtige bloemstukken die ze uit haar tuin heeft getoverd!<br \/>\nNadien werd er een beurtrol opgemaakt en nu zijn het Hilda, Marie-Th\u00e9r\u00e8se en ikzelf die ervoor zorgen dat er elke week iets op het altaar en bij Mariabeeld staat en dit met ieders eigen inbreng en talenten.<br \/>\nIn Dilbeek waren er eveneens 2 bloemschiksters, die hebben moeten afhaken maar ook hier is een woordje van dank op zijn plek voor al die jaren dat ze steeds voor al dat moois hebben gezorgd. Nu zie ik dat er bij feestdagen en\/of speciale vieringen zoals eerste communie, vormsel, Goede Week, Pinksteren \u2026 een bloemstukje het altaar versiert.<\/p>\n<p>&nbsp;<\/p>\n<p>Het ideaalbeeld is dat de bloemschikster samen met de celebrant en\/of liturgische groep de viering voorbereiden maar voor vele mensen is dit door tijdsgebrek onmogelijk. Sommige celebranten hebben weinig aandacht voor de bloemen op het altaar, ze verkiezen een \u2018leeg\u2019 altaar met kaarsen en kruisbeeld maar eigenlijk maakt een bloemstuk ook deel uit van een viering.<\/p>\n<p>&nbsp;<\/p>\n<p>De liturgie zal steeds gerespecteerd worden en dit door gebruik te maken van verschillende kleuren bloemen, materialen maar daarover straks meer. Wanneer we voor bloemen zorgen zijn we automatisch bezig met het voorbereiden van de weekendviering. Door het lezen van de teksten beleven we beter de periode van het liturgisch jaar. Het evangelie, de Bijbelteksten krijgen een andere klank als we aan liturgisch bloemschikken doen en geeft het Woord van God weer of verduidelijkt het. Zo kan bv in de kersttijd het evangelieboek een plaatsje bij de kerststal krijgen om uit te drukken dat Jezus het vleesgeworden Woord is.<br \/>\nSoms schikken we gewoon ook enkele bloemen in een vaas maar houden steeds rekening met de tijd van het jaar. Ze getuigen van al het moois in Gods schepping, ze symboliseren de schoonheid van de schepping, de onvergankelijkheid: afgesneden zoals het leven van ons Heer is afgebroken.<\/p>\n<p>&nbsp;<\/p>\n<p>In de Bijbel symboliseren bloemen vaak verschillende deugden, zoals liefde, geloof en hoop, evenals belangrijke gebeurtenissen in het leven van Bijbelse figuren. De lelie staat bijvoorbeeld voor zuiverheid, onschuld en wederopstanding, terwijl de roos liefde, schoonheid en hoop symboliseert.<br \/>\nDe zelf hechtende eigenschap van klimop verwijst dan weer naar trouw, gehechtheid en loyaliteit in onze relatie met God. We hechten ons aan Christus zoals klimop aan een muur.<br \/>\nDe grote devotie tot Maria vindt zijn weerspiegeling in tientallen bloemen en planten die naar haar verwijzen. Wit en (hemels-)blauw zijn de kleuren van Maria, of volgende bloemen: roos, lelie, blauwe iris, Lelietje-van-dalen. Het madeliefje doet denken aan Maria omdat het bloeit in mei en omdat het wit en nederig is. Maar even wit en nederig zijn de gelijkaardige bloemetjes van het moederkruid, de kamille en sommige asters. Ik kan zo verder gaan met de symboliek van elke bloem maar dat is onbegonnen werk en niet de bedoeling van dit artikel.<\/p>\n<p>&nbsp;<\/p>\n<p>We volgen ook de liturgische kalender die bepaalt dat er bv tijdens de advent alleen maar groen zonder bloemen of tijdens de vasten ook geen bloemen maar eerder andere materialen zoals rotsen, keien, zand \u2026 gebruikt worden.<br \/>\nDaarbij spelen natuurlijk de liturgische kleuren een belangrijke rol.<br \/>\nZo is de kleur van de advent paars. Maar let op, het is een warm paars, als teken van inkeer en bezinning. Dat is dus iets anders dan het meer sobere paars uit de veertigdagentijd, dat allereerst verwijst naar boete en rouw.<br \/>\nIn de kersttijd treden in de versiering licht, het feestelijke wit en het groen van het leven op de voorgrond.<br \/>\nMen kan ook gebruik maken van enkel symbolen zoals bv met Pinksteren:<br \/>\nHet getal zeven als verwijzing naar de zeven gaven van de Geest, optelling van 3+4 \u2013 ofwel de drie-eenheid van God + de vier windrichtingen van de aarde.<br \/>\nDe kleur (vuur)rood \u2013 vlam van liefde.<br \/>\nVruchten \u2013 verwijzing naar de vruchten van de Geest, maar ook als herinnering dat in de joodse traditie op de vijftigste dag na Pesach, het Joodse paasfeest, de eerstelingen van de oogst aan God worden aangeboden.<br \/>\nWereldbol \u2013 vier windrichtingen: als verwijzing naar de leerlingen die de wereld intrekken, gedreven door de Geest.<br \/>\nDuif \u2013 het symbool van de heilige Geest, zoals in Lucas 3, 21-22a bij de doop in de Jordaan.<br \/>\nEn zo kan ik ook nog verder gaan met alle andere feestdagen maar laat het jullie liever zelf ontdekken en misschien kan de bloemschikster van dienst jullie verder helpen met de betekenis van het stuk &#8230;<\/p>\n<p>De kerkraden hebben een budget voor al dat moois en betalen dit zonder problemen maar soms hebben we toch onkosten die we niet aanrekenen, bv oasis kopen we aan in het groot maar het is maar een klein beetje dat we gebruiken elke zondag, of de bloemen die uit onze tuin komen, of we zijn ons kasticket verloren \u2026 niemand van ons klaagt hierover want we doen het met volle overgave!<br \/>\nSoms zien de mensen ons stukje niet maar dat is niet erg want het is niet de bedoeling dat het bloemstuk de volle aandacht trekt, maar het doet wel deugd als er iemand zegt dat het mooi is.<\/p>\n<p>&nbsp;<\/p>\n<p>Heb je bloemen in de tuin die we mogen komen plukken of wil je zelf eens een vaas met bloemen of bloemstukje maken, geef ons dan maar een seintje.<\/p>\n<p>Jos\u00e9e, Marie-Th\u00e9r\u00e8se, Hilda en Christiane danken u nu reeds en hopen dat jullie onze werkjes appreci\u00ebren.<\/p>\n<p>&nbsp;<\/p>\n<p><img loading=\"lazy\" decoding=\"async\" class=\"aligncenter size-large wp-image-8124\" src=\"https:\/\/federatiedilbeek.be\/wp-content\/uploads\/2025\/04\/affiche-1024x846.jpg\" alt=\"\" width=\"1024\" height=\"846\" srcset=\"https:\/\/federatiedilbeek.be\/wp-content\/uploads\/2025\/04\/affiche-1024x846.jpg 1024w, https:\/\/federatiedilbeek.be\/wp-content\/uploads\/2025\/04\/affiche-300x248.jpg 300w, https:\/\/federatiedilbeek.be\/wp-content\/uploads\/2025\/04\/affiche-768x634.jpg 768w, https:\/\/federatiedilbeek.be\/wp-content\/uploads\/2025\/04\/affiche-1536x1268.jpg 1536w, https:\/\/federatiedilbeek.be\/wp-content\/uploads\/2025\/04\/affiche-242x200.jpg 242w, https:\/\/federatiedilbeek.be\/wp-content\/uploads\/2025\/04\/affiche.jpg 1751w\" sizes=\"auto, (max-width: 1024px) 100vw, 1024px\" \/><\/p>\n<p>&nbsp;<\/p>\n","protected":false},"excerpt":{"rendered":"<p>Bidden met groene vingers: onze bloemendames Op de markt, in de winkels, bij mensen thuis, in het veld, in de tuin \u2026 overal zie je bloemen in al hun pracht en al hun kleuren maar ook in de kerk op of bij het altaar, bij heiligen staan er. Dat oogt &hellip;<\/p>\n","protected":false},"author":1,"featured_media":0,"parent":0,"menu_order":0,"comment_status":"closed","ping_status":"closed","template":"","meta":{"footnotes":""},"class_list":["post-8115","page","type-page","status-publish","hentry"],"yoast_head":"<!-- This site is optimized with the Yoast SEO plugin v24.9 - https:\/\/yoast.com\/wordpress\/plugins\/seo\/ -->\n<title>bloemschiksters - Zone Dilbeek<\/title>\n<meta name=\"robots\" content=\"index, follow, max-snippet:-1, max-image-preview:large, max-video-preview:-1\" \/>\n<link rel=\"canonical\" href=\"https:\/\/federatiedilbeek.be\/index.php\/bloemschiksters\/\" \/>\n<meta property=\"og:locale\" content=\"nl_BE\" \/>\n<meta property=\"og:type\" content=\"article\" \/>\n<meta property=\"og:title\" content=\"bloemschiksters - Zone Dilbeek\" \/>\n<meta property=\"og:description\" content=\"Bidden met groene vingers: onze bloemendames Op de markt, in de winkels, bij mensen thuis, in het veld, in de tuin \u2026 overal zie je bloemen in al hun pracht en al hun kleuren maar ook in de kerk op of bij het altaar, bij heiligen staan er. Dat oogt &hellip;\" \/>\n<meta property=\"og:url\" content=\"https:\/\/federatiedilbeek.be\/index.php\/bloemschiksters\/\" \/>\n<meta property=\"og:site_name\" content=\"Zone Dilbeek\" \/>\n<meta property=\"article:modified_time\" content=\"2025-05-01T14:14:02+00:00\" \/>\n<meta property=\"og:image\" content=\"https:\/\/federatiedilbeek.be\/wp-content\/uploads\/2025\/04\/affiche.jpg\" \/>\n\t<meta property=\"og:image:width\" content=\"1751\" \/>\n\t<meta property=\"og:image:height\" content=\"1446\" \/>\n\t<meta property=\"og:image:type\" content=\"image\/jpeg\" \/>\n<meta name=\"twitter:card\" content=\"summary_large_image\" \/>\n<meta name=\"twitter:label1\" content=\"Geschatte leestijd\" \/>\n\t<meta name=\"twitter:data1\" content=\"7 minuten\" \/>\n<script type=\"application\/ld+json\" class=\"yoast-schema-graph\">{\"@context\":\"https:\/\/schema.org\",\"@graph\":[{\"@type\":\"WebPage\",\"@id\":\"https:\/\/federatiedilbeek.be\/index.php\/bloemschiksters\/\",\"url\":\"https:\/\/federatiedilbeek.be\/index.php\/bloemschiksters\/\",\"name\":\"bloemschiksters - Zone Dilbeek\",\"isPartOf\":{\"@id\":\"https:\/\/federatiedilbeek.be\/#website\"},\"primaryImageOfPage\":{\"@id\":\"https:\/\/federatiedilbeek.be\/index.php\/bloemschiksters\/#primaryimage\"},\"image\":{\"@id\":\"https:\/\/federatiedilbeek.be\/index.php\/bloemschiksters\/#primaryimage\"},\"thumbnailUrl\":\"https:\/\/federatiedilbeek.be\/wp-content\/uploads\/2025\/04\/affiche-1024x846.jpg\",\"datePublished\":\"2025-04-29T09:59:30+00:00\",\"dateModified\":\"2025-05-01T14:14:02+00:00\",\"breadcrumb\":{\"@id\":\"https:\/\/federatiedilbeek.be\/index.php\/bloemschiksters\/#breadcrumb\"},\"inLanguage\":\"nl-BE\",\"potentialAction\":[{\"@type\":\"ReadAction\",\"target\":[\"https:\/\/federatiedilbeek.be\/index.php\/bloemschiksters\/\"]}]},{\"@type\":\"ImageObject\",\"inLanguage\":\"nl-BE\",\"@id\":\"https:\/\/federatiedilbeek.be\/index.php\/bloemschiksters\/#primaryimage\",\"url\":\"https:\/\/federatiedilbeek.be\/wp-content\/uploads\/2025\/04\/affiche.jpg\",\"contentUrl\":\"https:\/\/federatiedilbeek.be\/wp-content\/uploads\/2025\/04\/affiche.jpg\",\"width\":1751,\"height\":1446},{\"@type\":\"BreadcrumbList\",\"@id\":\"https:\/\/federatiedilbeek.be\/index.php\/bloemschiksters\/#breadcrumb\",\"itemListElement\":[{\"@type\":\"ListItem\",\"position\":1,\"name\":\"Home\",\"item\":\"https:\/\/federatiedilbeek.be\/\"},{\"@type\":\"ListItem\",\"position\":2,\"name\":\"bloemschiksters\"}]},{\"@type\":\"WebSite\",\"@id\":\"https:\/\/federatiedilbeek.be\/#website\",\"url\":\"https:\/\/federatiedilbeek.be\/\",\"name\":\"Zone Dilbeek\",\"description\":\"\",\"potentialAction\":[{\"@type\":\"SearchAction\",\"target\":{\"@type\":\"EntryPoint\",\"urlTemplate\":\"https:\/\/federatiedilbeek.be\/?s={search_term_string}\"},\"query-input\":{\"@type\":\"PropertyValueSpecification\",\"valueRequired\":true,\"valueName\":\"search_term_string\"}}],\"inLanguage\":\"nl-BE\"}]}<\/script>\n<!-- \/ Yoast SEO plugin. -->","yoast_head_json":{"title":"bloemschiksters - Zone Dilbeek","robots":{"index":"index","follow":"follow","max-snippet":"max-snippet:-1","max-image-preview":"max-image-preview:large","max-video-preview":"max-video-preview:-1"},"canonical":"https:\/\/federatiedilbeek.be\/index.php\/bloemschiksters\/","og_locale":"nl_BE","og_type":"article","og_title":"bloemschiksters - Zone Dilbeek","og_description":"Bidden met groene vingers: onze bloemendames Op de markt, in de winkels, bij mensen thuis, in het veld, in de tuin \u2026 overal zie je bloemen in al hun pracht en al hun kleuren maar ook in de kerk op of bij het altaar, bij heiligen staan er. Dat oogt &hellip;","og_url":"https:\/\/federatiedilbeek.be\/index.php\/bloemschiksters\/","og_site_name":"Zone Dilbeek","article_modified_time":"2025-05-01T14:14:02+00:00","og_image":[{"width":1751,"height":1446,"url":"https:\/\/federatiedilbeek.be\/wp-content\/uploads\/2025\/04\/affiche.jpg","type":"image\/jpeg"}],"twitter_card":"summary_large_image","twitter_misc":{"Geschatte leestijd":"7 minuten"},"schema":{"@context":"https:\/\/schema.org","@graph":[{"@type":"WebPage","@id":"https:\/\/federatiedilbeek.be\/index.php\/bloemschiksters\/","url":"https:\/\/federatiedilbeek.be\/index.php\/bloemschiksters\/","name":"bloemschiksters - Zone Dilbeek","isPartOf":{"@id":"https:\/\/federatiedilbeek.be\/#website"},"primaryImageOfPage":{"@id":"https:\/\/federatiedilbeek.be\/index.php\/bloemschiksters\/#primaryimage"},"image":{"@id":"https:\/\/federatiedilbeek.be\/index.php\/bloemschiksters\/#primaryimage"},"thumbnailUrl":"https:\/\/federatiedilbeek.be\/wp-content\/uploads\/2025\/04\/affiche-1024x846.jpg","datePublished":"2025-04-29T09:59:30+00:00","dateModified":"2025-05-01T14:14:02+00:00","breadcrumb":{"@id":"https:\/\/federatiedilbeek.be\/index.php\/bloemschiksters\/#breadcrumb"},"inLanguage":"nl-BE","potentialAction":[{"@type":"ReadAction","target":["https:\/\/federatiedilbeek.be\/index.php\/bloemschiksters\/"]}]},{"@type":"ImageObject","inLanguage":"nl-BE","@id":"https:\/\/federatiedilbeek.be\/index.php\/bloemschiksters\/#primaryimage","url":"https:\/\/federatiedilbeek.be\/wp-content\/uploads\/2025\/04\/affiche.jpg","contentUrl":"https:\/\/federatiedilbeek.be\/wp-content\/uploads\/2025\/04\/affiche.jpg","width":1751,"height":1446},{"@type":"BreadcrumbList","@id":"https:\/\/federatiedilbeek.be\/index.php\/bloemschiksters\/#breadcrumb","itemListElement":[{"@type":"ListItem","position":1,"name":"Home","item":"https:\/\/federatiedilbeek.be\/"},{"@type":"ListItem","position":2,"name":"bloemschiksters"}]},{"@type":"WebSite","@id":"https:\/\/federatiedilbeek.be\/#website","url":"https:\/\/federatiedilbeek.be\/","name":"Zone Dilbeek","description":"","potentialAction":[{"@type":"SearchAction","target":{"@type":"EntryPoint","urlTemplate":"https:\/\/federatiedilbeek.be\/?s={search_term_string}"},"query-input":{"@type":"PropertyValueSpecification","valueRequired":true,"valueName":"search_term_string"}}],"inLanguage":"nl-BE"}]}},"_links":{"self":[{"href":"https:\/\/federatiedilbeek.be\/index.php\/wp-json\/wp\/v2\/pages\/8115","targetHints":{"allow":["GET"]}}],"collection":[{"href":"https:\/\/federatiedilbeek.be\/index.php\/wp-json\/wp\/v2\/pages"}],"about":[{"href":"https:\/\/federatiedilbeek.be\/index.php\/wp-json\/wp\/v2\/types\/page"}],"author":[{"embeddable":true,"href":"https:\/\/federatiedilbeek.be\/index.php\/wp-json\/wp\/v2\/users\/1"}],"replies":[{"embeddable":true,"href":"https:\/\/federatiedilbeek.be\/index.php\/wp-json\/wp\/v2\/comments?post=8115"}],"version-history":[{"count":7,"href":"https:\/\/federatiedilbeek.be\/index.php\/wp-json\/wp\/v2\/pages\/8115\/revisions"}],"predecessor-version":[{"id":8129,"href":"https:\/\/federatiedilbeek.be\/index.php\/wp-json\/wp\/v2\/pages\/8115\/revisions\/8129"}],"wp:attachment":[{"href":"https:\/\/federatiedilbeek.be\/index.php\/wp-json\/wp\/v2\/media?parent=8115"}],"curies":[{"name":"wp","href":"https:\/\/api.w.org\/{rel}","templated":true}]}}