{"id":10275,"date":"2026-04-26T07:38:40","date_gmt":"2026-04-26T07:38:40","guid":{"rendered":"https:\/\/federatiedilbeek.be\/?page_id=10275"},"modified":"2026-04-26T07:42:51","modified_gmt":"2026-04-26T07:42:51","slug":"apollonia-van-alexandrie","status":"publish","type":"page","link":"https:\/\/federatiedilbeek.be\/index.php\/apollonia-van-alexandrie\/","title":{"rendered":"Apollonia van Alexandri\u00eb"},"content":{"rendered":"<p>Apollonia van Alexandri\u00eb<\/p>\n<p>Haar levensbeschrijving is grotendeels gebaseerd op een brief van bisschop Dionysius van Alexandri\u00eb aan Fabius van Antiochi\u00eb .<br \/>\nHier volgt een chronologisch verhaal van haar leven en martelaarschap.<br \/>\nApollonia leefde in de 3de eeuw in Alexandri\u00eb, een havenstad in Egypte welke destijds een belangrijk centrum was van cultuur en vroege christelijke gemeenschappen.<br \/>\nIn tegenstelling tot de jonge maagden die vaak in martelaarsverhalen voorkomen was zij een vrouw op leeftijd. Ze bekleedde een vooraanstaande positie binnen de christelijke gemeente, mogelijk als diacones. Een diacones is een lid van een vrouwengroep binnen sommige christelijke kerken en biedt pastorale zorg, met name aan andere vrouwen en kan ook een liturgische rol vervullen .<br \/>\nKort voor de algemene christenvervolging (circa 249) onder keizer Decius brak er in Alexandri\u00eb een lokale opstand uit tegen de christenen, aangewakkerd door een heidense profeet. De menigte plunderde huizen en sleurde christenen naar buiten. Ook Apollonia werd gegrepen. Ze sloegen op haar kaken tot al haar tanden uit haar mond vielen of verbrijzelden. In latere overleveringen sprak men van het uittrekken van haar tanden met een nijptang.<br \/>\nBuiten de stad werd er een brandstapel opgericht . Haar beulen dreigden haar levend te verbranden als ze godslasterlijke woorden zou uitspreken of haar geloof niet zou afzweren. Apollonia vroeg om een kort moment voor beraad maar zodra ze werd losgelaten, sprong ze uit eigen beweging vrijwillig in het vuur. Hiermee wilde ze aantonen dat ze haar leven liever aan God offerde dan dat ze toegaf aan haar vervolgers.<\/p>\n<p>De naam Apollonia is afgeleid van Apollonius wat \u201cbehorend tot Apollo\u201d betekent. Apollo was in de Griekse mythologie o.a. de god van de geneeskunde. Vanwege \u201chet tanden trekken\u201d wordt Apollonia erkend als beschermheilige van tandartsen en mondhygi\u00ebnisten en wordt ze aanroepen bij tandpijn. Hoewel ze geen grote bedevaartsoorden heeft hier in Belgi\u00eb zijn er toch nog plaatsen waar ze intensief wordt vereerd.<br \/>\nTwee voorbeelden: Elst (deelgemeente van Brakel) waar je in de St-Apolloniakerk verschillende afbeeldingen van haar martelaarschap kan vinden of in Appels (deelgemeente van Dendermonde) waar de plaatselijke St.-Apolloniakerk veel pelgrims aantrekt. Eertijds werd daar driemaal rond de kerk gegaan als ritueel tegen tandpijn.<\/p>\n<p>&nbsp;<\/p>\n<p>In de St-Ulrikskerk vind je haar beeld achteraan links. Ze wordt afgebeeld met een nijptang met tand in de linkerhand en langs de rechterkant houdt ze een palmtak vast. (overwinningsteken van haar martelaarschap)<\/p>\n<p>&nbsp;<\/p>\n<p><img loading=\"lazy\" decoding=\"async\" class=\"size-large wp-image-10278 aligncenter\" src=\"https:\/\/federatiedilbeek.be\/wp-content\/uploads\/2026\/04\/IMG_2037-382x1024.jpg\" alt=\"\" width=\"382\" height=\"1024\" srcset=\"https:\/\/federatiedilbeek.be\/wp-content\/uploads\/2026\/04\/IMG_2037-382x1024.jpg 382w, https:\/\/federatiedilbeek.be\/wp-content\/uploads\/2026\/04\/IMG_2037-112x300.jpg 112w, https:\/\/federatiedilbeek.be\/wp-content\/uploads\/2026\/04\/IMG_2037-768x2060.jpg 768w, https:\/\/federatiedilbeek.be\/wp-content\/uploads\/2026\/04\/IMG_2037-573x1536.jpg 573w, https:\/\/federatiedilbeek.be\/wp-content\/uploads\/2026\/04\/IMG_2037-764x2048.jpg 764w, https:\/\/federatiedilbeek.be\/wp-content\/uploads\/2026\/04\/IMG_2037-75x200.jpg 75w, https:\/\/federatiedilbeek.be\/wp-content\/uploads\/2026\/04\/IMG_2037.jpg 845w\" sizes=\"auto, (max-width: 382px) 100vw, 382px\" \/><\/p>\n<p>Een traditioneel gebed tot de Heilige Apollonia, dat vaak wordt opgezegd door mensen die lijden aan kiespijn of die steun zoeken voor een tandheelkundige ingreep, is het volgende:<\/p>\n<p style=\"text-align: center;\">&#8220;O roemrijke Heilige Apollonia, vrome maagd en martelares,<br \/>\nu die voor uw standvastig geloof de foltering van de tanden hebt doorstaan<br \/>\nen uw leven in de vlammen hebt geofferd voor de liefde van Christus.<br \/>\nWij smeken u met vertrouwen:<br \/>\nneem ons onder uw bescherming en behoed ons voor alle pijnen aan de tanden en de mond.<br \/>\nVerleen ons de kracht om, net als u, geduldig te zijn in ons lijden<br \/>\nen schenk de tandartsen de wijsheid en vaste hand om ons te genezen.<br \/>\nHeilige Apollonia, beschermheilige in onze nood,<br \/>\nbid voor ons bij de Heer, opdat wij verlost mogen worden van onze pijn<br \/>\nen eens met u de eeuwige vreugde mogen delen.\u201d<br \/>\nAmen.<\/p>\n<p>&nbsp;<\/p>\n","protected":false},"excerpt":{"rendered":"<p>Apollonia van Alexandri\u00eb Haar levensbeschrijving is grotendeels gebaseerd op een brief van bisschop Dionysius van Alexandri\u00eb aan Fabius van Antiochi\u00eb . Hier volgt een chronologisch verhaal van haar leven en martelaarschap. Apollonia leefde in de 3de eeuw in Alexandri\u00eb, een havenstad in Egypte welke destijds een belangrijk centrum was van &hellip;<\/p>\n","protected":false},"author":1,"featured_media":0,"parent":0,"menu_order":0,"comment_status":"closed","ping_status":"closed","template":"","meta":{"footnotes":""},"class_list":["post-10275","page","type-page","status-publish","hentry"],"yoast_head":"<!-- This site is optimized with the Yoast SEO plugin v24.9 - https:\/\/yoast.com\/wordpress\/plugins\/seo\/ -->\n<title>Apollonia van Alexandri\u00eb - Zone Dilbeek<\/title>\n<meta name=\"robots\" content=\"index, follow, max-snippet:-1, max-image-preview:large, max-video-preview:-1\" \/>\n<link rel=\"canonical\" href=\"https:\/\/federatiedilbeek.be\/index.php\/apollonia-van-alexandrie\/\" \/>\n<meta property=\"og:locale\" content=\"nl_BE\" \/>\n<meta property=\"og:type\" content=\"article\" \/>\n<meta property=\"og:title\" content=\"Apollonia van Alexandri\u00eb - Zone Dilbeek\" \/>\n<meta property=\"og:description\" content=\"Apollonia van Alexandri\u00eb Haar levensbeschrijving is grotendeels gebaseerd op een brief van bisschop Dionysius van Alexandri\u00eb aan Fabius van Antiochi\u00eb . Hier volgt een chronologisch verhaal van haar leven en martelaarschap. Apollonia leefde in de 3de eeuw in Alexandri\u00eb, een havenstad in Egypte welke destijds een belangrijk centrum was van &hellip;\" \/>\n<meta property=\"og:url\" content=\"https:\/\/federatiedilbeek.be\/index.php\/apollonia-van-alexandrie\/\" \/>\n<meta property=\"og:site_name\" content=\"Zone Dilbeek\" \/>\n<meta property=\"article:modified_time\" content=\"2026-04-26T07:42:51+00:00\" \/>\n<meta property=\"og:image\" content=\"https:\/\/federatiedilbeek.be\/wp-content\/uploads\/2026\/04\/IMG_2037.jpg\" \/>\n\t<meta property=\"og:image:width\" content=\"845\" \/>\n\t<meta property=\"og:image:height\" content=\"2266\" \/>\n\t<meta property=\"og:image:type\" content=\"image\/jpeg\" \/>\n<meta name=\"twitter:card\" content=\"summary_large_image\" \/>\n<meta name=\"twitter:label1\" content=\"Geschatte leestijd\" \/>\n\t<meta name=\"twitter:data1\" content=\"3 minuten\" \/>\n<script type=\"application\/ld+json\" class=\"yoast-schema-graph\">{\"@context\":\"https:\/\/schema.org\",\"@graph\":[{\"@type\":\"WebPage\",\"@id\":\"https:\/\/federatiedilbeek.be\/index.php\/apollonia-van-alexandrie\/\",\"url\":\"https:\/\/federatiedilbeek.be\/index.php\/apollonia-van-alexandrie\/\",\"name\":\"Apollonia van Alexandri\u00eb - Zone Dilbeek\",\"isPartOf\":{\"@id\":\"https:\/\/federatiedilbeek.be\/#website\"},\"primaryImageOfPage\":{\"@id\":\"https:\/\/federatiedilbeek.be\/index.php\/apollonia-van-alexandrie\/#primaryimage\"},\"image\":{\"@id\":\"https:\/\/federatiedilbeek.be\/index.php\/apollonia-van-alexandrie\/#primaryimage\"},\"thumbnailUrl\":\"https:\/\/federatiedilbeek.be\/wp-content\/uploads\/2026\/04\/IMG_2037-382x1024.jpg\",\"datePublished\":\"2026-04-26T07:38:40+00:00\",\"dateModified\":\"2026-04-26T07:42:51+00:00\",\"breadcrumb\":{\"@id\":\"https:\/\/federatiedilbeek.be\/index.php\/apollonia-van-alexandrie\/#breadcrumb\"},\"inLanguage\":\"nl-BE\",\"potentialAction\":[{\"@type\":\"ReadAction\",\"target\":[\"https:\/\/federatiedilbeek.be\/index.php\/apollonia-van-alexandrie\/\"]}]},{\"@type\":\"ImageObject\",\"inLanguage\":\"nl-BE\",\"@id\":\"https:\/\/federatiedilbeek.be\/index.php\/apollonia-van-alexandrie\/#primaryimage\",\"url\":\"https:\/\/federatiedilbeek.be\/wp-content\/uploads\/2026\/04\/IMG_2037.jpg\",\"contentUrl\":\"https:\/\/federatiedilbeek.be\/wp-content\/uploads\/2026\/04\/IMG_2037.jpg\",\"width\":845,\"height\":2266},{\"@type\":\"BreadcrumbList\",\"@id\":\"https:\/\/federatiedilbeek.be\/index.php\/apollonia-van-alexandrie\/#breadcrumb\",\"itemListElement\":[{\"@type\":\"ListItem\",\"position\":1,\"name\":\"Home\",\"item\":\"https:\/\/federatiedilbeek.be\/\"},{\"@type\":\"ListItem\",\"position\":2,\"name\":\"Apollonia van Alexandri\u00eb\"}]},{\"@type\":\"WebSite\",\"@id\":\"https:\/\/federatiedilbeek.be\/#website\",\"url\":\"https:\/\/federatiedilbeek.be\/\",\"name\":\"Zone Dilbeek\",\"description\":\"\",\"potentialAction\":[{\"@type\":\"SearchAction\",\"target\":{\"@type\":\"EntryPoint\",\"urlTemplate\":\"https:\/\/federatiedilbeek.be\/?s={search_term_string}\"},\"query-input\":{\"@type\":\"PropertyValueSpecification\",\"valueRequired\":true,\"valueName\":\"search_term_string\"}}],\"inLanguage\":\"nl-BE\"}]}<\/script>\n<!-- \/ Yoast SEO plugin. -->","yoast_head_json":{"title":"Apollonia van Alexandri\u00eb - Zone Dilbeek","robots":{"index":"index","follow":"follow","max-snippet":"max-snippet:-1","max-image-preview":"max-image-preview:large","max-video-preview":"max-video-preview:-1"},"canonical":"https:\/\/federatiedilbeek.be\/index.php\/apollonia-van-alexandrie\/","og_locale":"nl_BE","og_type":"article","og_title":"Apollonia van Alexandri\u00eb - Zone Dilbeek","og_description":"Apollonia van Alexandri\u00eb Haar levensbeschrijving is grotendeels gebaseerd op een brief van bisschop Dionysius van Alexandri\u00eb aan Fabius van Antiochi\u00eb . Hier volgt een chronologisch verhaal van haar leven en martelaarschap. Apollonia leefde in de 3de eeuw in Alexandri\u00eb, een havenstad in Egypte welke destijds een belangrijk centrum was van &hellip;","og_url":"https:\/\/federatiedilbeek.be\/index.php\/apollonia-van-alexandrie\/","og_site_name":"Zone Dilbeek","article_modified_time":"2026-04-26T07:42:51+00:00","og_image":[{"width":845,"height":2266,"url":"https:\/\/federatiedilbeek.be\/wp-content\/uploads\/2026\/04\/IMG_2037.jpg","type":"image\/jpeg"}],"twitter_card":"summary_large_image","twitter_misc":{"Geschatte leestijd":"3 minuten"},"schema":{"@context":"https:\/\/schema.org","@graph":[{"@type":"WebPage","@id":"https:\/\/federatiedilbeek.be\/index.php\/apollonia-van-alexandrie\/","url":"https:\/\/federatiedilbeek.be\/index.php\/apollonia-van-alexandrie\/","name":"Apollonia van Alexandri\u00eb - Zone Dilbeek","isPartOf":{"@id":"https:\/\/federatiedilbeek.be\/#website"},"primaryImageOfPage":{"@id":"https:\/\/federatiedilbeek.be\/index.php\/apollonia-van-alexandrie\/#primaryimage"},"image":{"@id":"https:\/\/federatiedilbeek.be\/index.php\/apollonia-van-alexandrie\/#primaryimage"},"thumbnailUrl":"https:\/\/federatiedilbeek.be\/wp-content\/uploads\/2026\/04\/IMG_2037-382x1024.jpg","datePublished":"2026-04-26T07:38:40+00:00","dateModified":"2026-04-26T07:42:51+00:00","breadcrumb":{"@id":"https:\/\/federatiedilbeek.be\/index.php\/apollonia-van-alexandrie\/#breadcrumb"},"inLanguage":"nl-BE","potentialAction":[{"@type":"ReadAction","target":["https:\/\/federatiedilbeek.be\/index.php\/apollonia-van-alexandrie\/"]}]},{"@type":"ImageObject","inLanguage":"nl-BE","@id":"https:\/\/federatiedilbeek.be\/index.php\/apollonia-van-alexandrie\/#primaryimage","url":"https:\/\/federatiedilbeek.be\/wp-content\/uploads\/2026\/04\/IMG_2037.jpg","contentUrl":"https:\/\/federatiedilbeek.be\/wp-content\/uploads\/2026\/04\/IMG_2037.jpg","width":845,"height":2266},{"@type":"BreadcrumbList","@id":"https:\/\/federatiedilbeek.be\/index.php\/apollonia-van-alexandrie\/#breadcrumb","itemListElement":[{"@type":"ListItem","position":1,"name":"Home","item":"https:\/\/federatiedilbeek.be\/"},{"@type":"ListItem","position":2,"name":"Apollonia van Alexandri\u00eb"}]},{"@type":"WebSite","@id":"https:\/\/federatiedilbeek.be\/#website","url":"https:\/\/federatiedilbeek.be\/","name":"Zone Dilbeek","description":"","potentialAction":[{"@type":"SearchAction","target":{"@type":"EntryPoint","urlTemplate":"https:\/\/federatiedilbeek.be\/?s={search_term_string}"},"query-input":{"@type":"PropertyValueSpecification","valueRequired":true,"valueName":"search_term_string"}}],"inLanguage":"nl-BE"}]}},"_links":{"self":[{"href":"https:\/\/federatiedilbeek.be\/index.php\/wp-json\/wp\/v2\/pages\/10275","targetHints":{"allow":["GET"]}}],"collection":[{"href":"https:\/\/federatiedilbeek.be\/index.php\/wp-json\/wp\/v2\/pages"}],"about":[{"href":"https:\/\/federatiedilbeek.be\/index.php\/wp-json\/wp\/v2\/types\/page"}],"author":[{"embeddable":true,"href":"https:\/\/federatiedilbeek.be\/index.php\/wp-json\/wp\/v2\/users\/1"}],"replies":[{"embeddable":true,"href":"https:\/\/federatiedilbeek.be\/index.php\/wp-json\/wp\/v2\/comments?post=10275"}],"version-history":[{"count":3,"href":"https:\/\/federatiedilbeek.be\/index.php\/wp-json\/wp\/v2\/pages\/10275\/revisions"}],"predecessor-version":[{"id":10279,"href":"https:\/\/federatiedilbeek.be\/index.php\/wp-json\/wp\/v2\/pages\/10275\/revisions\/10279"}],"wp:attachment":[{"href":"https:\/\/federatiedilbeek.be\/index.php\/wp-json\/wp\/v2\/media?parent=10275"}],"curies":[{"name":"wp","href":"https:\/\/api.w.org\/{rel}","templated":true}]}}